{"id":2428,"date":"2025-03-25T13:50:30","date_gmt":"2025-03-25T12:50:30","guid":{"rendered":"https:\/\/officesfinder.com\/request-call-2-2"},"modified":"2025-06-19T17:37:47","modified_gmt":"2025-06-19T15:37:47","slug":"guide-coworking","status":"publish","type":"page","link":"https:\/\/officesfinder.com\/en\/guide-coworking","title":{"rendered":"Guide Coworking"},"content":{"rendered":"\t\t<div data-elementor-type=\"wp-page\" data-elementor-id=\"2428\" class=\"elementor elementor-2428 elementor-2423\" data-elementor-post-type=\"page\">\n\t\t\t\t<div class=\"elementor-element elementor-element-d31ccf6 e-flex e-con-boxed e-con e-parent\" data-id=\"d31ccf6\" data-element_type=\"container\" data-e-type=\"container\" data-settings=\"{&quot;background_background&quot;:&quot;classic&quot;}\">\n\t\t\t\t\t<div class=\"e-con-inner\">\n\t\t<div class=\"elementor-element elementor-element-829b1cc e-con-full e-flex e-con e-child\" data-id=\"829b1cc\" data-element_type=\"container\" data-e-type=\"container\">\n\t\t\t\t<div class=\"elementor-element elementor-element-ef1d377 elementor-widget__width-initial elementor-invisible elementor-widget elementor-widget-heading\" data-id=\"ef1d377\" data-element_type=\"widget\" data-e-type=\"widget\" data-settings=\"{&quot;_animation&quot;:&quot;fadeIn&quot;}\" data-widget_type=\"heading.default\">\n\t\t\t\t<div class=\"elementor-widget-container\">\n\t\t\t\t\t<h1 class=\"elementor-heading-title elementor-size-default\">\u00bfBuscas <span style=\"background-image:linear-gradient(to right, #12C2E9, #9888f0);color:transparent\">oficina?<\/span><\/h1>\t\t\t\t<\/div>\n\t\t\t\t<\/div>\n\t\t\t\t<div class=\"elementor-element elementor-element-025cbcd elementor-widget__width-initial elementor-widget elementor-widget-text-editor\" data-id=\"025cbcd\" data-element_type=\"widget\" data-e-type=\"widget\" data-widget_type=\"text-editor.default\">\n\t\t\t\t<div class=\"elementor-widget-container\">\n\t\t\t\t\t\t\t\t\t<p>Desc\u00e1rgate la gu\u00eda que usan las empresas que aciertan.<\/p>\n<p><strong><span style=\"background-image: linear-gradient(to right, #12C2E9, #9888f0); -webkit-background-clip: text; background-clip: text; color: transparent;\">Elige tu pr\u00f3ximo espacio de trabajo con criterio.<\/span> Te regalamos una gu\u00eda pr\u00e1ctica con todo lo que necesitas saber para tomar la mejor decisi\u00f3n.<\/strong><\/p>\t\t\t\t\t\t\t\t<\/div>\n\t\t\t\t<\/div>\n\t\t\t\t<div class=\"elementor-element elementor-element-2883478 elementor-widget__width-initial elementor-widget elementor-widget-text-editor\" data-id=\"2883478\" data-element_type=\"widget\" data-e-type=\"widget\" data-widget_type=\"text-editor.default\">\n\t\t\t\t<div class=\"elementor-widget-container\">\n\t\t\t\t\t\t\t\t\t<script src=\"https:\/\/js.hsforms.net\/forms\/embed\/49231512.js\" defer><\/script>\n\n<div class=\"hs-form-frame\" data-region=\"na1\" data-form-id=\"7ddbede5-1874-4526-bac7-f01b1bb2a45c\" data-portal-id=\"49231512\"><\/div>\t\t\t\t\t\t\t\t<\/div>\n\t\t\t\t<\/div>\n\t\t\t\t<\/div>\n\t\t\t\t<div class=\"elementor-element elementor-element-f826d1a elementor-widget elementor-widget-image\" data-id=\"f826d1a\" data-element_type=\"widget\" data-e-type=\"widget\" data-widget_type=\"image.default\">\n\t\t\t\t<div class=\"elementor-widget-container\">\n\t\t\t\t\t\t\t\t\t\t\t\t\t\t\t<img fetchpriority=\"high\" decoding=\"async\" width=\"800\" height=\"786\" src=\"https:\/\/officesfinder.com\/wp-content\/uploads\/2025\/06\/Guia-practica-para-elegir-coworking-min.png\" class=\"attachment-large size-large wp-image-2828\" alt=\"\" srcset=\"https:\/\/officesfinder.com\/wp-content\/uploads\/2025\/06\/Guia-practica-para-elegir-coworking-min.png 800w, https:\/\/officesfinder.com\/wp-content\/uploads\/2025\/06\/Guia-practica-para-elegir-coworking-min-300x295.png 300w, https:\/\/officesfinder.com\/wp-content\/uploads\/2025\/06\/Guia-practica-para-elegir-coworking-min-768x755.png 768w\" sizes=\"(max-width: 800px) 100vw, 800px\" \/>\t\t\t\t\t\t\t\t\t\t\t\t\t\t\t<\/div>\n\t\t\t\t<\/div>\n\t\t\t\t\t<\/div>\n\t\t\t\t<\/div>\n\t\t<div class=\"elementor-element elementor-element-e4fa366 e-flex e-con-boxed e-con e-parent\" data-id=\"e4fa366\" data-element_type=\"container\" data-e-type=\"container\" data-settings=\"{&quot;background_background&quot;:&quot;classic&quot;}\">\n\t\t\t\t\t<div class=\"e-con-inner\">\n\t\t<div class=\"elementor-element elementor-element-f52911e e-con-full e-flex elementor-invisible e-con e-child\" data-id=\"f52911e\" data-element_type=\"container\" data-e-type=\"container\" data-settings=\"{&quot;animation&quot;:&quot;fadeIn&quot;,&quot;animation_delay&quot;:200}\">\n\t\t\t\t<div class=\"elementor-element elementor-element-5fddd09 elementor-widget__width-initial elementor-invisible elementor-widget elementor-widget-heading\" data-id=\"5fddd09\" data-element_type=\"widget\" data-e-type=\"widget\" data-settings=\"{&quot;_animation&quot;:&quot;fadeIn&quot;,&quot;sticky&quot;:&quot;top&quot;,&quot;sticky_on&quot;:[&quot;tablet&quot;],&quot;sticky_offset_tablet&quot;:130,&quot;sticky_parent&quot;:&quot;yes&quot;,&quot;sticky_offset&quot;:0,&quot;sticky_effects_offset&quot;:0,&quot;sticky_anchor_link_offset&quot;:0}\" data-widget_type=\"heading.default\">\n\t\t\t\t<div class=\"elementor-widget-container\">\n\t\t\t\t\t<h2 class=\"elementor-heading-title elementor-size-default\">\nGu\u00eda pr\u00e1ctica para elegir el <span style=\"background-image:linear-gradient(to right, #12C2E9, #ba7af4);color:transparent\">coworking ideal<\/span><\/h2>\t\t\t\t<\/div>\n\t\t\t\t<\/div>\n\t\t\t\t<div class=\"elementor-element elementor-element-c18edad elementor-widget__width-inherit elementor-widget elementor-widget-text-editor\" data-id=\"c18edad\" data-element_type=\"widget\" data-e-type=\"widget\" data-widget_type=\"text-editor.default\">\n\t\t\t\t<div class=\"elementor-widget-container\">\n\t\t\t\t\t\t\t\t\t<p data-pm-slice=\"1 1 []\"><strong>Descubre en 5 minutos c\u00f3mo acertar con el espacio de trabajo para tu empresa:<\/strong><\/p>\t\t\t\t\t\t\t\t<\/div>\n\t\t\t\t<\/div>\n\t\t\t\t<div class=\"elementor-element elementor-element-784c7bc elementor-widget__width-inherit elementor-icon-list--layout-traditional elementor-list-item-link-full_width elementor-widget elementor-widget-icon-list\" data-id=\"784c7bc\" data-element_type=\"widget\" data-e-type=\"widget\" data-widget_type=\"icon-list.default\">\n\t\t\t\t<div class=\"elementor-widget-container\">\n\t\t\t\t\t\t\t<ul class=\"elementor-icon-list-items\">\n\t\t\t\t\t\t\t<li class=\"elementor-icon-list-item\">\n\t\t\t\t\t\t\t\t\t\t<span class=\"elementor-icon-list-text\">\ud83d\udd0d Eval\u00faa lo que realmente necesita tu equipo (ahora y a medio plazo)<\/span>\n\t\t\t\t\t\t\t\t\t<\/li>\n\t\t\t\t\t\t\t\t<li class=\"elementor-icon-list-item\">\n\t\t\t\t\t\t\t\t\t\t<span class=\"elementor-icon-list-text\">\ud83c\udfe2 Conoce los distintos tipos de oficinas flexibles y sus ventajas<\/span>\n\t\t\t\t\t\t\t\t\t<\/li>\n\t\t\t\t\t\t\t\t<li class=\"elementor-icon-list-item\">\n\t\t\t\t\t\t\t\t\t\t<span class=\"elementor-icon-list-text\">\ud83d\udccd Aprende a elegir la mejor ubicaci\u00f3n seg\u00fan tu actividad<\/span>\n\t\t\t\t\t\t\t\t\t<\/li>\n\t\t\t\t\t\t\t\t<li class=\"elementor-icon-list-item\">\n\t\t\t\t\t\t\t\t\t\t<span class=\"elementor-icon-list-text\">\ud83d\udee0\ufe0f Qu\u00e9 servicios marcan la diferencia en el d\u00eda a d\u00eda<\/span>\n\t\t\t\t\t\t\t\t\t<\/li>\n\t\t\t\t\t\t\t\t<li class=\"elementor-icon-list-item\">\n\t\t\t\t\t\t\t\t\t\t<span class=\"elementor-icon-list-text\">\ud83d\udcc8 C\u00f3mo evitar contratos r\u00edgidos y escalar sin fricciones<\/span>\n\t\t\t\t\t\t\t\t\t<\/li>\n\t\t\t\t\t\t\t\t<li class=\"elementor-icon-list-item\">\n\t\t\t\t\t\t\t\t\t\t<span class=\"elementor-icon-list-text\">\ud83e\udd1d Y adem\u00e1s, descubre c\u00f3mo Offices Finder te ayuda a elegir tu espacio de trabajo<\/span>\n\t\t\t\t\t\t\t\t\t<\/li>\n\t\t\t\t\t\t\t\t<li class=\"elementor-icon-list-item\">\n\t\t\t\t\t\t\t\t\t\t<span class=\"elementor-icon-list-text\">\ud83c\udfaf Desc\u00e1rgala gratis y toma decisiones con criterio.<\/span>\n\t\t\t\t\t\t\t\t\t<\/li>\n\t\t\t\t\t\t<\/ul>\n\t\t\t\t\t\t<\/div>\n\t\t\t\t<\/div>\n\t\t\t\t<\/div>\n\t\t<div class=\"elementor-element elementor-element-6f2fbba e-con-full e-flex elementor-invisible e-con e-child\" data-id=\"6f2fbba\" data-element_type=\"container\" data-e-type=\"container\" data-settings=\"{&quot;animation&quot;:&quot;fadeIn&quot;,&quot;animation_delay&quot;:200}\">\n\t\t\t\t<div class=\"elementor-element elementor-element-5ab1b69 elementor-widget elementor-widget-image\" data-id=\"5ab1b69\" data-element_type=\"widget\" data-e-type=\"widget\" data-widget_type=\"image.default\">\n\t\t\t\t<div class=\"elementor-widget-container\">\n\t\t\t\t\t\t\t\t\t\t\t\t\t\t\t<img decoding=\"async\" width=\"712\" height=\"401\" src=\"https:\/\/officesfinder.com\/wp-content\/uploads\/2025\/06\/Guia-para-elegir-coworking-min.png\" class=\"attachment-large size-large wp-image-2826\" alt=\"\" srcset=\"https:\/\/officesfinder.com\/wp-content\/uploads\/2025\/06\/Guia-para-elegir-coworking-min.png 712w, https:\/\/officesfinder.com\/wp-content\/uploads\/2025\/06\/Guia-para-elegir-coworking-min-300x169.png 300w\" sizes=\"(max-width: 712px) 100vw, 712px\" \/>\t\t\t\t\t\t\t\t\t\t\t\t\t\t\t<\/div>\n\t\t\t\t<\/div>\n\t\t\t\t<\/div>\n\t\t\t\t\t<\/div>\n\t\t\t\t<\/div>\n\t\t\t\t<\/div>\n\t\t","protected":false},"excerpt":{"rendered":"<p>\u00bfBuscas oficina? Desc\u00e1rgate la gu\u00eda que usan las empresas que aciertan. Elige tu pr\u00f3ximo espacio de trabajo con criterio. Te regalamos una gu\u00eda pr\u00e1ctica con todo lo que necesitas saber para tomar la mejor decisi\u00f3n. Gu\u00eda pr\u00e1ctica para elegir el coworking ideal Descubre en 5 minutos c\u00f3mo acertar con el espacio de trabajo para tu [&hellip;]<\/p>\n","protected":false},"author":1,"featured_media":0,"parent":0,"menu_order":0,"comment_status":"closed","ping_status":"closed","template":"","meta":{"content-type":"","footnotes":""},"class_list":["post-2428","page","type-page","status-publish","hentry"],"yoast_head":"<!-- This site is optimized with the Yoast SEO plugin v27.5 - https:\/\/yoast.com\/product\/yoast-seo-wordpress\/ -->\n<title>Guide Coworking | Offices Finder<\/title>\n<meta name=\"robots\" content=\"noindex, nofollow\" \/>\n<meta property=\"og:locale\" content=\"en_US\" \/>\n<meta property=\"og:type\" content=\"article\" \/>\n<meta property=\"og:title\" content=\"Guide Coworking | Offices Finder\" \/>\n<meta property=\"og:description\" content=\"\u00bfBuscas oficina? Desc\u00e1rgate la gu\u00eda que usan las empresas que aciertan. Elige tu pr\u00f3ximo espacio de trabajo con criterio. Te regalamos una gu\u00eda pr\u00e1ctica con todo lo que necesitas saber para tomar la mejor decisi\u00f3n. Gu\u00eda pr\u00e1ctica para elegir el coworking ideal Descubre en 5 minutos c\u00f3mo acertar con el espacio de trabajo para tu [&hellip;]\" \/>\n<meta property=\"og:url\" content=\"https:\/\/officesfinder.com\/en\/guide-coworking\" \/>\n<meta property=\"og:site_name\" content=\"Offices Finder\" \/>\n<meta property=\"article:modified_time\" content=\"2025-06-19T15:37:47+00:00\" \/>\n<meta property=\"og:image\" content=\"https:\/\/officesfinder.com\/wp-content\/uploads\/2025\/06\/Guia-practica-para-elegir-coworking-min.png\" \/>\n\t<meta property=\"og:image:width\" content=\"800\" \/>\n\t<meta property=\"og:image:height\" content=\"786\" \/>\n\t<meta property=\"og:image:type\" content=\"image\/png\" \/>\n<meta name=\"twitter:card\" content=\"summary_large_image\" \/>\n<meta name=\"twitter:label1\" content=\"Est. reading time\" \/>\n\t<meta name=\"twitter:data1\" content=\"1 minute\" \/>\n<script type=\"application\/ld+json\" class=\"yoast-schema-graph\">{\"@context\":\"https:\\\/\\\/schema.org\",\"@graph\":[{\"@type\":\"WebPage\",\"@id\":\"https:\\\/\\\/officesfinder.com\\\/en\\\/guide-coworking\",\"url\":\"https:\\\/\\\/officesfinder.com\\\/en\\\/guide-coworking\",\"name\":\"Guide Coworking | Offices Finder\",\"isPartOf\":{\"@id\":\"https:\\\/\\\/officesfinder.com\\\/en#website\"},\"primaryImageOfPage\":{\"@id\":\"https:\\\/\\\/officesfinder.com\\\/en\\\/guide-coworking#primaryimage\"},\"image\":{\"@id\":\"https:\\\/\\\/officesfinder.com\\\/en\\\/guide-coworking#primaryimage\"},\"thumbnailUrl\":\"https:\\\/\\\/officesfinder.com\\\/wp-content\\\/uploads\\\/2025\\\/06\\\/Guia-practica-para-elegir-coworking-min.png\",\"datePublished\":\"2025-03-25T12:50:30+00:00\",\"dateModified\":\"2025-06-19T15:37:47+00:00\",\"breadcrumb\":{\"@id\":\"https:\\\/\\\/officesfinder.com\\\/en\\\/guide-coworking#breadcrumb\"},\"inLanguage\":\"en-US\",\"potentialAction\":[{\"@type\":\"ReadAction\",\"target\":[\"https:\\\/\\\/officesfinder.com\\\/en\\\/guide-coworking\"]}]},{\"@type\":\"ImageObject\",\"inLanguage\":\"en-US\",\"@id\":\"https:\\\/\\\/officesfinder.com\\\/en\\\/guide-coworking#primaryimage\",\"url\":\"https:\\\/\\\/officesfinder.com\\\/wp-content\\\/uploads\\\/2025\\\/06\\\/Guia-practica-para-elegir-coworking-min.png\",\"contentUrl\":\"https:\\\/\\\/officesfinder.com\\\/wp-content\\\/uploads\\\/2025\\\/06\\\/Guia-practica-para-elegir-coworking-min.png\"},{\"@type\":\"BreadcrumbList\",\"@id\":\"https:\\\/\\\/officesfinder.com\\\/en\\\/guide-coworking#breadcrumb\",\"itemListElement\":[{\"@type\":\"ListItem\",\"position\":1,\"name\":\"Portada\",\"item\":\"https:\\\/\\\/officesfinder.com\\\/en\"},{\"@type\":\"ListItem\",\"position\":2,\"name\":\"Guide Coworking\"}]},{\"@type\":\"WebSite\",\"@id\":\"https:\\\/\\\/officesfinder.com\\\/en#website\",\"url\":\"https:\\\/\\\/officesfinder.com\\\/en\",\"name\":\"Offices Finder\",\"description\":\"Encontramos la oficina flexible para tu empresa\",\"publisher\":{\"@id\":\"https:\\\/\\\/officesfinder.com\\\/en#organization\"},\"potentialAction\":[{\"@type\":\"SearchAction\",\"target\":{\"@type\":\"EntryPoint\",\"urlTemplate\":\"https:\\\/\\\/officesfinder.com\\\/en?s={search_term_string}\"},\"query-input\":{\"@type\":\"PropertyValueSpecification\",\"valueRequired\":true,\"valueName\":\"search_term_string\"}}],\"inLanguage\":\"en-US\"},{\"@type\":\"Organization\",\"@id\":\"https:\\\/\\\/officesfinder.com\\\/en#organization\",\"name\":\"Offices Finder\",\"url\":\"https:\\\/\\\/officesfinder.com\\\/en\",\"logo\":{\"@type\":\"ImageObject\",\"inLanguage\":\"en-US\",\"@id\":\"https:\\\/\\\/officesfinder.com\\\/en#\\\/schema\\\/logo\\\/image\\\/\",\"url\":\"https:\\\/\\\/officesfinder.com\\\/wp-content\\\/uploads\\\/2024\\\/04\\\/offices-finder-logo.svg\",\"contentUrl\":\"https:\\\/\\\/officesfinder.com\\\/wp-content\\\/uploads\\\/2024\\\/04\\\/offices-finder-logo.svg\",\"width\":1805,\"height\":346,\"caption\":\"Offices Finder\"},\"image\":{\"@id\":\"https:\\\/\\\/officesfinder.com\\\/en#\\\/schema\\\/logo\\\/image\\\/\"},\"sameAs\":[\"https:\\\/\\\/www.instagram.com\\\/offices.finder\\\/\",\"https:\\\/\\\/www.linkedin.com\\\/company\\\/offices-finder\\\/\"]}]}<\/script>\n<!-- \/ Yoast SEO plugin. -->","yoast_head_json":{"title":"Guide Coworking | Offices Finder","robots":{"index":"noindex","follow":"nofollow"},"og_locale":"en_US","og_type":"article","og_title":"Guide Coworking | Offices Finder","og_description":"\u00bfBuscas oficina? Desc\u00e1rgate la gu\u00eda que usan las empresas que aciertan. Elige tu pr\u00f3ximo espacio de trabajo con criterio. Te regalamos una gu\u00eda pr\u00e1ctica con todo lo que necesitas saber para tomar la mejor decisi\u00f3n. Gu\u00eda pr\u00e1ctica para elegir el coworking ideal Descubre en 5 minutos c\u00f3mo acertar con el espacio de trabajo para tu [&hellip;]","og_url":"https:\/\/officesfinder.com\/en\/guide-coworking","og_site_name":"Offices Finder","article_modified_time":"2025-06-19T15:37:47+00:00","og_image":[{"width":800,"height":786,"url":"https:\/\/officesfinder.com\/wp-content\/uploads\/2025\/06\/Guia-practica-para-elegir-coworking-min.png","type":"image\/png"}],"twitter_card":"summary_large_image","twitter_misc":{"Est. reading time":"1 minute"},"schema":{"@context":"https:\/\/schema.org","@graph":[{"@type":"WebPage","@id":"https:\/\/officesfinder.com\/en\/guide-coworking","url":"https:\/\/officesfinder.com\/en\/guide-coworking","name":"Guide Coworking | Offices Finder","isPartOf":{"@id":"https:\/\/officesfinder.com\/en#website"},"primaryImageOfPage":{"@id":"https:\/\/officesfinder.com\/en\/guide-coworking#primaryimage"},"image":{"@id":"https:\/\/officesfinder.com\/en\/guide-coworking#primaryimage"},"thumbnailUrl":"https:\/\/officesfinder.com\/wp-content\/uploads\/2025\/06\/Guia-practica-para-elegir-coworking-min.png","datePublished":"2025-03-25T12:50:30+00:00","dateModified":"2025-06-19T15:37:47+00:00","breadcrumb":{"@id":"https:\/\/officesfinder.com\/en\/guide-coworking#breadcrumb"},"inLanguage":"en-US","potentialAction":[{"@type":"ReadAction","target":["https:\/\/officesfinder.com\/en\/guide-coworking"]}]},{"@type":"ImageObject","inLanguage":"en-US","@id":"https:\/\/officesfinder.com\/en\/guide-coworking#primaryimage","url":"https:\/\/officesfinder.com\/wp-content\/uploads\/2025\/06\/Guia-practica-para-elegir-coworking-min.png","contentUrl":"https:\/\/officesfinder.com\/wp-content\/uploads\/2025\/06\/Guia-practica-para-elegir-coworking-min.png"},{"@type":"BreadcrumbList","@id":"https:\/\/officesfinder.com\/en\/guide-coworking#breadcrumb","itemListElement":[{"@type":"ListItem","position":1,"name":"Portada","item":"https:\/\/officesfinder.com\/en"},{"@type":"ListItem","position":2,"name":"Guide Coworking"}]},{"@type":"WebSite","@id":"https:\/\/officesfinder.com\/en#website","url":"https:\/\/officesfinder.com\/en","name":"Offices Finder","description":"Encontramos la oficina flexible para tu empresa","publisher":{"@id":"https:\/\/officesfinder.com\/en#organization"},"potentialAction":[{"@type":"SearchAction","target":{"@type":"EntryPoint","urlTemplate":"https:\/\/officesfinder.com\/en?s={search_term_string}"},"query-input":{"@type":"PropertyValueSpecification","valueRequired":true,"valueName":"search_term_string"}}],"inLanguage":"en-US"},{"@type":"Organization","@id":"https:\/\/officesfinder.com\/en#organization","name":"Offices Finder","url":"https:\/\/officesfinder.com\/en","logo":{"@type":"ImageObject","inLanguage":"en-US","@id":"https:\/\/officesfinder.com\/en#\/schema\/logo\/image\/","url":"https:\/\/officesfinder.com\/wp-content\/uploads\/2024\/04\/offices-finder-logo.svg","contentUrl":"https:\/\/officesfinder.com\/wp-content\/uploads\/2024\/04\/offices-finder-logo.svg","width":1805,"height":346,"caption":"Offices Finder"},"image":{"@id":"https:\/\/officesfinder.com\/en#\/schema\/logo\/image\/"},"sameAs":["https:\/\/www.instagram.com\/offices.finder\/","https:\/\/www.linkedin.com\/company\/offices-finder\/"]}]}},"_links":{"self":[{"href":"https:\/\/officesfinder.com\/en\/wp-json\/wp\/v2\/pages\/2428","targetHints":{"allow":["GET"]}}],"collection":[{"href":"https:\/\/officesfinder.com\/en\/wp-json\/wp\/v2\/pages"}],"about":[{"href":"https:\/\/officesfinder.com\/en\/wp-json\/wp\/v2\/types\/page"}],"author":[{"embeddable":true,"href":"https:\/\/officesfinder.com\/en\/wp-json\/wp\/v2\/users\/1"}],"replies":[{"embeddable":true,"href":"https:\/\/officesfinder.com\/en\/wp-json\/wp\/v2\/comments?post=2428"}],"version-history":[{"count":2,"href":"https:\/\/officesfinder.com\/en\/wp-json\/wp\/v2\/pages\/2428\/revisions"}],"predecessor-version":[{"id":2911,"href":"https:\/\/officesfinder.com\/en\/wp-json\/wp\/v2\/pages\/2428\/revisions\/2911"}],"wp:attachment":[{"href":"https:\/\/officesfinder.com\/en\/wp-json\/wp\/v2\/media?parent=2428"}],"curies":[{"name":"wp","href":"https:\/\/api.w.org\/{rel}","templated":true}]}}